{"id":11589,"date":"2017-12-22T10:37:51","date_gmt":"2017-12-22T10:37:51","guid":{"rendered":"http:\/\/desq.eu\/over-desq\/"},"modified":"2025-05-28T09:54:15","modified_gmt":"2025-05-28T07:54:15","slug":"over-desq","status":"publish","type":"page","link":"https:\/\/desq.eu\/de\/over-desq\/","title":{"rendered":"Das Unternehmen"},"content":{"rendered":"<p>Bei\u00a0<strong>DESQ<\/strong>\u00a0sind wir \u00fcberzeugt, dass Menschen ihr Bestes geben, wenn sie sich bei der Arbeit wohl, inspiriert und in Kontrolle f\u00fchlen. Deshalb entwickeln wir\u00a0<strong>verantwortungsvolle Qualit\u00e4tsprodukte<\/strong>, die \u00fcber reine Funktionalit\u00e4t hinausgehen \u2013 sie steigern das Wohlbefinden, die Kreativit\u00e4t und die Produktivit\u00e4t am Arbeitsplatz.<\/p>\n<p>Unsere Produkte zeichnen sich durch ihre\u00a0<strong>hochwertigen Spezifikationen<\/strong>,\u00a0<strong>praktische Anwendbarkeit<\/strong>\u00a0und ein\u00a0<strong>minimalistisches Dutch Design<\/strong>\u00a0aus, das Klarheit und Ruhe vermittelt. Sie geben dir das Gef\u00fchl, alles meistern zu k\u00f6nnen \u2013 organisiert und souver\u00e4n. Das g\u00f6nnen wir jedem, deshalb sind unsere Produkte erschwinglich und breit zug\u00e4nglich<\/p>\n<p>Als\u00a0<strong>ambitionierter Challenger<\/strong>\u00a0am Markt konzentrieren wir uns darauf,\u00a0<strong>zus\u00e4tzlichen Umsatz<\/strong>\u00a0und\u00a0<strong>gesunde Margen<\/strong>\u00a0f\u00fcr unsere Partner zu schaffen. Wir tun dies, indem wir Sortimente in\u00a0<strong>zukunftsrelevanten Produktkategorien<\/strong>\u00a0anbieten und kontinuierlich in neue Segmente expandieren und Innovationen vorantreiben. Wir entlasten sie mit vollst\u00e4ndigen Sortimenten in unterschiedlichen Kategorien.<\/p>\n<p>Unsere St\u00e4rke liegt nicht nur in unseren Produkten, sondern auch in unseren Partnerschaften. Wir unterst\u00fctzen unsere Partner mit einem\u00a0<strong>strategisch gelegenen europ\u00e4ischen Distributionszentrum<\/strong>,\u00a0<strong>zuverl\u00e4ssiger Warenverf\u00fcgbarkeit<\/strong>\u00a0und\u00a0<strong>modernem, umfassendem Content.<\/strong><\/p>\n<p>Bei DESQ geht es um mehr als nur Produkte, es geht darum, Menschen in ihrer Arbeit zu st\u00e4rken. <strong>Empower your workday. Choose DESQ.<\/strong><\/p>\n<p>&nbsp;<\/p>\n<p><script src=\"https:\/\/platform.linkedin.com\/in.js\" type=\"text\/javascript\"> lang: en_US<\/script><script type=\"IN\/FollowCompany\" data-id=\"825597\" data-counter=\"bottom\"><\/script><\/p>\n","protected":false},"excerpt":{"rendered":"<p>Bei\u00a0DESQ\u00a0sind wir \u00fcberzeugt, dass Menschen ihr Bestes geben, wenn sie sich bei der Arbeit wohl, inspiriert und in Kontrolle f\u00fchlen. [&hellip;]<\/p>\n","protected":false},"author":1,"featured_media":0,"parent":0,"menu_order":0,"comment_status":"closed","ping_status":"closed","template":"","meta":{"_acf_changed":false,"_monsterinsights_skip_tracking":false,"_monsterinsights_sitenote_active":false,"_monsterinsights_sitenote_note":"","_monsterinsights_sitenote_category":0,"footnotes":""},"class_list":["post-11589","page","type-page","status-publish","hentry"],"acf":[],"aioseo_notices":[],"_links":{"self":[{"href":"https:\/\/desq.eu\/de\/wp-json\/wp\/v2\/pages\/11589","targetHints":{"allow":["GET"]}}],"collection":[{"href":"https:\/\/desq.eu\/de\/wp-json\/wp\/v2\/pages"}],"about":[{"href":"https:\/\/desq.eu\/de\/wp-json\/wp\/v2\/types\/page"}],"author":[{"embeddable":true,"href":"https:\/\/desq.eu\/de\/wp-json\/wp\/v2\/users\/1"}],"replies":[{"embeddable":true,"href":"https:\/\/desq.eu\/de\/wp-json\/wp\/v2\/comments?post=11589"}],"version-history":[{"count":3,"href":"https:\/\/desq.eu\/de\/wp-json\/wp\/v2\/pages\/11589\/revisions"}],"predecessor-version":[{"id":33210,"href":"https:\/\/desq.eu\/de\/wp-json\/wp\/v2\/pages\/11589\/revisions\/33210"}],"wp:attachment":[{"href":"https:\/\/desq.eu\/de\/wp-json\/wp\/v2\/media?parent=11589"}],"curies":[{"name":"wp","href":"https:\/\/api.w.org\/{rel}","templated":true}]}}