{"id":6440,"date":"2017-12-22T10:37:51","date_gmt":"2017-12-22T10:37:51","guid":{"rendered":"http:\/\/desq.eu\/?page_id=6440"},"modified":"2019-11-19T16:08:39","modified_gmt":"2019-11-19T15:08:39","slug":"acerca-de-desq","status":"publish","type":"page","link":"https:\/\/desq.eu\/es\/acerca-de-desq\/","title":{"rendered":"Acerca de DESQ"},"content":{"rendered":"<p><strong>Nuestra misi\u00f3n<br \/>\n<\/strong>En DESQ desarrollamos productos atractivos, asequibles y ampliamente accesibles, que permiten a las personas sentirse bien en su espacio de trabajo. Por la facilidad de uso, las especificaciones de alta calidad y elegante dise\u00f1o.<\/p>\n<p>Somos din\u00e1micos, creativos y hacemos todo un poco diferente y mejor!<\/p>\n<p><strong>Empresa<br \/>\n<\/strong>DESQ es una empresa familiar e internacional creada en 1987. Estamos desarrollando art\u00edculos relacionados con la oficina y el entorno informatico para el mercado europeo.<\/p>\n<p>Vendemos nuestros productos solo a distribuidores y revendedores.<\/p>\n<p>Nuestra mayor base de clientes se encuentra dentro de la industria de productos de oficina, minorista y el minorist electr\u00f3nico.<\/p>\n<p>Nuestra gama se divide en las categor\u00edas: Ergonom\u00eda, Presentaci\u00f3n e informaci\u00f3n, Maletines y Portadocumentos, M\u00e1quinas y suministros de oficina, Herramientas creativas y Fotograf\u00eda.<\/p>\n<p>Estamos constantemente ampliando y desarrollando nuestra gama.<\/p>\n<p>Durante este proceso nos centramos en:<\/p>\n<p>DESQ. Una marca verdaderamente diferente.<\/p>\n<p>-Dise\u00f1o claro<\/p>\n<p>-Amplia informaci\u00f3n en las especificaciones.<\/p>\n<p>-Buena relaci\u00f3n calidad-precio.<\/p>\n<p>Nuestros valores fundamentales son: Confianza, Desarrollo y Ambici\u00f3n .<\/p>\n<p><strong>Confianza<\/strong><br \/>\nSomos un socio de confianza para nuestros clientes, nuestros proveedores y nuestros empleados. Hacemos lo que decimos y cumplimos nuestras promesas.<\/p>\n<p><strong>Desarrollo<\/strong><br \/>\nContinuamente estamos desarrollando nuestra empresa. Se exploran nuevos mercados y se desarrollan nuevas gamas de productos.<br \/>\nBuscamos lo mejor en nosotros mismos.<\/p>\n<p><strong>Ambici\u00f3n<\/strong><br \/>\nNos fijamos nuestros objetivos y hacemos todo lo posible para alcanzarlos.<br \/>\nUna vez conseguidos, nos fijamos metas nuevas, m\u00e1s desafiantes.<br \/>\nTomamos decisiones claras y las llevamos a cabo de forma r\u00e1pida y disciplinada.<\/p>\n<p>En nuestro mercado local, el BeNeLux, tambi\u00e9n estamos distribuyendo otras marcas de forma exclusiva. Para obtener m\u00e1s informaci\u00f3n, visite: www.desqbenelux.nl<\/p>\n","protected":false},"excerpt":{"rendered":"<p>Nuestra misi\u00f3n En DESQ desarrollamos productos atractivos, asequibles y ampliamente accesibles, que permiten a las personas sentirse bien en su [&hellip;]<\/p>\n","protected":false},"author":1,"featured_media":0,"parent":0,"menu_order":0,"comment_status":"closed","ping_status":"closed","template":"","meta":{"_acf_changed":false,"_monsterinsights_skip_tracking":false,"_monsterinsights_sitenote_active":false,"_monsterinsights_sitenote_note":"","_monsterinsights_sitenote_category":0,"footnotes":""},"class_list":["post-6440","page","type-page","status-publish","hentry"],"acf":[],"aioseo_notices":[],"_links":{"self":[{"href":"https:\/\/desq.eu\/es\/wp-json\/wp\/v2\/pages\/6440","targetHints":{"allow":["GET"]}}],"collection":[{"href":"https:\/\/desq.eu\/es\/wp-json\/wp\/v2\/pages"}],"about":[{"href":"https:\/\/desq.eu\/es\/wp-json\/wp\/v2\/types\/page"}],"author":[{"embeddable":true,"href":"https:\/\/desq.eu\/es\/wp-json\/wp\/v2\/users\/1"}],"replies":[{"embeddable":true,"href":"https:\/\/desq.eu\/es\/wp-json\/wp\/v2\/comments?post=6440"}],"version-history":[{"count":4,"href":"https:\/\/desq.eu\/es\/wp-json\/wp\/v2\/pages\/6440\/revisions"}],"predecessor-version":[{"id":8379,"href":"https:\/\/desq.eu\/es\/wp-json\/wp\/v2\/pages\/6440\/revisions\/8379"}],"wp:attachment":[{"href":"https:\/\/desq.eu\/es\/wp-json\/wp\/v2\/media?parent=6440"}],"curies":[{"name":"wp","href":"https:\/\/api.w.org\/{rel}","templated":true}]}}