{"id":6443,"date":"2017-12-21T16:30:33","date_gmt":"2017-12-21T16:30:33","guid":{"rendered":"http:\/\/desq.eu\/?page_id=6443"},"modified":"2019-11-19T16:28:21","modified_gmt":"2019-11-19T15:28:21","slug":"contacto","status":"publish","type":"page","link":"https:\/\/desq.eu\/es\/contacto\/","title":{"rendered":"Contacto"},"content":{"rendered":"<p>La direcci\u00f3n de nuestra empresa es: Eenspan 38 &#8211; 3897 AL Zeewolde &#8211; The Netherlands<\/p>\n<p>N\u00famero de tel\u00e9fono consultas generales \/ ventas: +31 (0)36 5471080<br \/>\nN\u00famero de tel\u00e9fono del departamento de servicio: +31 (0)36 5471082<br \/>\nN\u00famero de tel\u00e9fono del departamento de administraci\u00f3n y tenedur\u00eda de libros: +31 (0)36 5471083<br \/>\nN\u00famero de tel\u00e9fono del&nbsp;departamento de marketing y comunicaci\u00f3n: +31 (0)36 5471081<\/p>\n<p>Direcci\u00f3n de correo electr\u00f3nico: <a href=\"mailto:all@desq.nl\">all@desq.nl<\/a><\/p>\n","protected":false},"excerpt":{"rendered":"<p>La direcci\u00f3n de nuestra empresa es: Eenspan 38 &#8211; 3897 AL Zeewolde &#8211; The Netherlands N\u00famero de tel\u00e9fono consultas generales [&hellip;]<\/p>\n","protected":false},"author":1,"featured_media":6554,"parent":0,"menu_order":0,"comment_status":"closed","ping_status":"closed","template":"","meta":{"_acf_changed":false,"_monsterinsights_skip_tracking":false,"_monsterinsights_sitenote_active":false,"_monsterinsights_sitenote_note":"","_monsterinsights_sitenote_category":0,"footnotes":""},"class_list":["post-6443","page","type-page","status-publish","has-post-thumbnail","hentry"],"acf":[],"aioseo_notices":[],"_links":{"self":[{"href":"https:\/\/desq.eu\/es\/wp-json\/wp\/v2\/pages\/6443","targetHints":{"allow":["GET"]}}],"collection":[{"href":"https:\/\/desq.eu\/es\/wp-json\/wp\/v2\/pages"}],"about":[{"href":"https:\/\/desq.eu\/es\/wp-json\/wp\/v2\/types\/page"}],"author":[{"embeddable":true,"href":"https:\/\/desq.eu\/es\/wp-json\/wp\/v2\/users\/1"}],"replies":[{"embeddable":true,"href":"https:\/\/desq.eu\/es\/wp-json\/wp\/v2\/comments?post=6443"}],"version-history":[{"count":5,"href":"https:\/\/desq.eu\/es\/wp-json\/wp\/v2\/pages\/6443\/revisions"}],"predecessor-version":[{"id":8380,"href":"https:\/\/desq.eu\/es\/wp-json\/wp\/v2\/pages\/6443\/revisions\/8380"}],"wp:featuredmedia":[{"embeddable":true,"href":"https:\/\/desq.eu\/es\/wp-json\/wp\/v2\/media\/6554"}],"wp:attachment":[{"href":"https:\/\/desq.eu\/es\/wp-json\/wp\/v2\/media?parent=6443"}],"curies":[{"name":"wp","href":"https:\/\/api.w.org\/{rel}","templated":true}]}}