{"id":8414,"date":"2019-11-20T14:39:05","date_gmt":"2019-11-20T13:39:05","guid":{"rendered":"http:\/\/desq.eu\/?page_id=8414"},"modified":"2020-02-07T16:08:31","modified_gmt":"2020-02-07T15:08:31","slug":"history","status":"publish","type":"page","link":"https:\/\/desq.eu\/fr\/history\/","title":{"rendered":"Histoire"},"content":{"rendered":"<p>DESQ est une entreprise familiale depuis 32 ans. Notre exp\u00e9rience sur le march\u00e9 national et international combin\u00e9e avec notre passion pour le d\u00e9veloppement de marques fortes nous permettent d&rsquo;\u00e9tablir un par\u00e9nariat fiable avec tous nos clients et de vous offrir des produits innovatifs ainsi qu&rsquo;une croissance stable.<\/p>\n","protected":false},"excerpt":{"rendered":"<p>DESQ est une entreprise familiale depuis 32 ans. Notre exp\u00e9rience sur le march\u00e9 national et international combin\u00e9e avec notre passion [&hellip;]<\/p>\n","protected":false},"author":2,"featured_media":0,"parent":0,"menu_order":0,"comment_status":"closed","ping_status":"closed","template":"","meta":{"_acf_changed":false,"_monsterinsights_skip_tracking":false,"_monsterinsights_sitenote_active":false,"_monsterinsights_sitenote_note":"","_monsterinsights_sitenote_category":0,"footnotes":""},"class_list":["post-8414","page","type-page","status-publish","hentry"],"acf":[],"aioseo_notices":[],"_links":{"self":[{"href":"https:\/\/desq.eu\/fr\/wp-json\/wp\/v2\/pages\/8414","targetHints":{"allow":["GET"]}}],"collection":[{"href":"https:\/\/desq.eu\/fr\/wp-json\/wp\/v2\/pages"}],"about":[{"href":"https:\/\/desq.eu\/fr\/wp-json\/wp\/v2\/types\/page"}],"author":[{"embeddable":true,"href":"https:\/\/desq.eu\/fr\/wp-json\/wp\/v2\/users\/2"}],"replies":[{"embeddable":true,"href":"https:\/\/desq.eu\/fr\/wp-json\/wp\/v2\/comments?post=8414"}],"version-history":[{"count":2,"href":"https:\/\/desq.eu\/fr\/wp-json\/wp\/v2\/pages\/8414\/revisions"}],"predecessor-version":[{"id":8481,"href":"https:\/\/desq.eu\/fr\/wp-json\/wp\/v2\/pages\/8414\/revisions\/8481"}],"wp:attachment":[{"href":"https:\/\/desq.eu\/fr\/wp-json\/wp\/v2\/media?parent=8414"}],"curies":[{"name":"wp","href":"https:\/\/api.w.org\/{rel}","templated":true}]}}