{"id":8416,"date":"2019-11-20T14:39:52","date_gmt":"2019-11-20T13:39:52","guid":{"rendered":"http:\/\/desq.eu\/?page_id=8416"},"modified":"2019-11-25T10:11:58","modified_gmt":"2019-11-25T09:11:58","slug":"faq","status":"publish","type":"page","link":"https:\/\/desq.eu\/fr\/faq\/","title":{"rendered":"FAQ"},"content":{"rendered":"<p><strong>Puis-je devenir revendeur?<\/strong><\/p>\n<p>Certainement, parce que l&rsquo;\u00e9tablissement de relations \u00e0 long terme est l&rsquo;un des piliers de notre succ\u00e8s dans notre coop\u00e9ration avec nos clients. De plus, nos produits sont innovants, apportent une valeur ajout\u00e9e et sont adapt\u00e9s \u00e0 un environnement de bureau moderne, et le contact personnel avec nos clients (potentiels) est notre priorit\u00e9 absolue.<\/p>\n<p><strong>Voulez-vous devenir un revendeur DESQ?<\/strong><\/p>\n<p>Nous aimerions travailler avec vous! Laissez-nous vous informer sur nos bonnes conditions et sur l&rsquo;ensemble des produits DESQ que nous pouvons vous livrer pour faire de votre march\u00e9 un succ\u00e8s.<\/p>\n<p><strong>O\u00f9 puis-je acheter les produits?<\/strong><\/p>\n<p>Veuillez contacter notre d\u00e9partement de services. On peut vous fournir des informations concernant nos points de vente. Num\u00e9ro de t\u00e9l\u00e9phone 0031 (0) 36 5471082 ou remplissez <a href=\"http:\/\/desq.eu\/fr\/neem-contact-op\/\">le formulaire de contact<\/a>.<\/p>\n<p><strong>Support<\/strong><\/p>\n<p>Lorsque vous avez besoin de notre support, nous aimerions vous aider. Veuillez contacter notre d\u00e9partement de services. Num\u00e9ro de t\u00e9l\u00e9phone 0031 (0) 36 5471082 ou remplissez<a href=\"http:\/\/desq.eu\/fr\/neem-contact-op\/\"> le formulaire de contact<\/a>.<\/p>\n","protected":false},"excerpt":{"rendered":"<p>Puis-je devenir revendeur? Certainement, parce que l&rsquo;\u00e9tablissement de relations \u00e0 long terme est l&rsquo;un des piliers de notre succ\u00e8s dans [&hellip;]<\/p>\n","protected":false},"author":2,"featured_media":0,"parent":0,"menu_order":0,"comment_status":"closed","ping_status":"closed","template":"","meta":{"_acf_changed":false,"_monsterinsights_skip_tracking":false,"_monsterinsights_sitenote_active":false,"_monsterinsights_sitenote_note":"","_monsterinsights_sitenote_category":0,"footnotes":""},"class_list":["post-8416","page","type-page","status-publish","hentry"],"acf":[],"aioseo_notices":[],"_links":{"self":[{"href":"https:\/\/desq.eu\/fr\/wp-json\/wp\/v2\/pages\/8416","targetHints":{"allow":["GET"]}}],"collection":[{"href":"https:\/\/desq.eu\/fr\/wp-json\/wp\/v2\/pages"}],"about":[{"href":"https:\/\/desq.eu\/fr\/wp-json\/wp\/v2\/types\/page"}],"author":[{"embeddable":true,"href":"https:\/\/desq.eu\/fr\/wp-json\/wp\/v2\/users\/2"}],"replies":[{"embeddable":true,"href":"https:\/\/desq.eu\/fr\/wp-json\/wp\/v2\/comments?post=8416"}],"version-history":[{"count":3,"href":"https:\/\/desq.eu\/fr\/wp-json\/wp\/v2\/pages\/8416\/revisions"}],"predecessor-version":[{"id":8484,"href":"https:\/\/desq.eu\/fr\/wp-json\/wp\/v2\/pages\/8416\/revisions\/8484"}],"wp:attachment":[{"href":"https:\/\/desq.eu\/fr\/wp-json\/wp\/v2\/media?parent=8416"}],"curies":[{"name":"wp","href":"https:\/\/api.w.org\/{rel}","templated":true}]}}