{"id":8420,"date":"2019-11-20T14:41:43","date_gmt":"2019-11-20T13:41:43","guid":{"rendered":"http:\/\/desq.eu\/?page_id=8420"},"modified":"2019-11-25T10:13:15","modified_gmt":"2019-11-25T09:13:15","slug":"team","status":"publish","type":"page","link":"https:\/\/desq.eu\/fr\/team\/","title":{"rendered":"Equipe"},"content":{"rendered":"<p>DESQ est constitu\u00e9 d&rsquo;une \u00e9quipe de professionnels exp\u00e9riment\u00e9s qui aiment faire une diff\u00e9rence. Des gens qui connaissent leur m\u00e9tier, mais encore plus important, ils aiment leur m\u00e9tier. Des gens qui, gr\u00e2ce \u00e0 leur talent, leur force et leur enthousiasme, construisent une marque forte, et qui se demandent constamment dont le march\u00e9 et ses acteurs en ont besoin.<\/p>\n","protected":false},"excerpt":{"rendered":"<p>DESQ est constitu\u00e9 d&rsquo;une \u00e9quipe de professionnels exp\u00e9riment\u00e9s qui aiment faire une diff\u00e9rence. Des gens qui connaissent leur m\u00e9tier, mais [&hellip;]<\/p>\n","protected":false},"author":2,"featured_media":0,"parent":0,"menu_order":0,"comment_status":"closed","ping_status":"closed","template":"","meta":{"_acf_changed":false,"_monsterinsights_skip_tracking":false,"_monsterinsights_sitenote_active":false,"_monsterinsights_sitenote_note":"","_monsterinsights_sitenote_category":0,"footnotes":""},"class_list":["post-8420","page","type-page","status-publish","hentry"],"acf":[],"aioseo_notices":[],"_links":{"self":[{"href":"https:\/\/desq.eu\/fr\/wp-json\/wp\/v2\/pages\/8420","targetHints":{"allow":["GET"]}}],"collection":[{"href":"https:\/\/desq.eu\/fr\/wp-json\/wp\/v2\/pages"}],"about":[{"href":"https:\/\/desq.eu\/fr\/wp-json\/wp\/v2\/types\/page"}],"author":[{"embeddable":true,"href":"https:\/\/desq.eu\/fr\/wp-json\/wp\/v2\/users\/2"}],"replies":[{"embeddable":true,"href":"https:\/\/desq.eu\/fr\/wp-json\/wp\/v2\/comments?post=8420"}],"version-history":[{"count":2,"href":"https:\/\/desq.eu\/fr\/wp-json\/wp\/v2\/pages\/8420\/revisions"}],"predecessor-version":[{"id":8485,"href":"https:\/\/desq.eu\/fr\/wp-json\/wp\/v2\/pages\/8420\/revisions\/8485"}],"wp:attachment":[{"href":"https:\/\/desq.eu\/fr\/wp-json\/wp\/v2\/media?parent=8420"}],"curies":[{"name":"wp","href":"https:\/\/api.w.org\/{rel}","templated":true}]}}