{"id":8479,"date":"2019-11-25T10:02:54","date_gmt":"2019-11-25T09:02:54","guid":{"rendered":"http:\/\/desq.eu\/?page_id=8479"},"modified":"2019-11-25T13:19:11","modified_gmt":"2019-11-25T12:19:11","slug":"qui-est-desq","status":"publish","type":"page","link":"https:\/\/desq.eu\/fr\/qui-est-desq\/","title":{"rendered":"Qui est DESQ?"},"content":{"rendered":"<p><strong>Mission<br \/>\n<\/strong>Chez DESQ, nous d\u00e9veloppons des produits distingu\u00e9s, abordables et largement accessibles, qui permettent aux gens de se sentir bien avec et sur leur travail. Par la facilit\u00e9 d&rsquo;utilisation, les sp\u00e9cifications de haute qualit\u00e9 et le beau design.<\/p>\n<p>Nous sommes dynamiques, cr\u00e9atifs et faisons tout un peu diff\u00e9remment et mieux!<\/p>\n<p><strong>Entreprise<\/strong><\/p>\n<p>DESQ, fond\u00e9e en 1987, est une entreprise familiale sur le march\u00e9 international. Nous d\u00e9veloppons des produits relatifs au bureau et \u00e0 l&rsquo;ordinateur pour le march\u00e9 europ\u00e9en.<\/p>\n<p>Nous vendons nos produits seulement aux distribiteurs et aux revendeurs.<br \/>\nNotre client\u00e8le la plus importante se trouve dans l&rsquo;industrie des fournitures de bureau, le commerce de d\u00e9tail et le commerce de d\u00e9tail \u00e9lectronique.<\/p>\n<p>Notre gamme se compose des cat\u00e9gories suivantes: Ergonomies, Pr\u00e9sentation &amp; Information, Sacs &amp; Valises, Machines &amp; fournitures de bureau, Outils cr\u00e9atifs et Photo.<\/p>\n<p>Nous \u00e9largissons et d\u00e9veloppons constamment notre gamme.<br \/>\nAu cours de ce processus, nous nous concentrons sur:<\/p>\n<p>DESQ. Vraiment une marque diff\u00e9rente.<br \/>\n-Design clair<br \/>\n-Sp\u00e9cifications sup\u00e9rieures<br \/>\n-Bon rapport qualit\u00e9-prix<\/p>\n<p>Nos valeurs fondamentales sont : Fiabilit\u00e9, D\u00e9veloppement et Ambition<\/p>\n<p><strong>Fiable<\/strong><br \/>\nNous sommes un partenaire fiable, pour nos clients, nos fournisseurs et nos employ\u00e9s. Nous faisons ce que nous disons et nous tenons nos promesses.<\/p>\n<p><strong>D\u00e9veloppement<\/strong><br \/>\nNous d\u00e9veloppons notre entreprise de fa\u00e7on continue. Nous explorons de nouveaux march\u00e9s et d\u00e9veloppons de nouvelles gammes. Nous tirons le meilleur de nous-m\u00eames.<\/p>\n<p><strong>Ambition<\/strong><\/p>\n<p>Nous visons nos objectifs et faisons tout pour les atteindre.<br \/>\nUne fois nous les avons r\u00e9alis\u00e9s nous posons de nouveaux d\u00e9fis.<br \/>\nNous prenons des d\u00e9cisions claires et les ex\u00e9cutons rapidement et de fa\u00e7on disciplin\u00e9.<\/p>\n<p>Sur notre march\u00e9 maison, le BeNeLux, nous distribuons \u00e9galement d&rsquo;autres marques sur base exclusive. Pour plus d&rsquo;informations, visitez: <a href=\"https:\/\/desqbenelux.nl\">www.desqbenelux.nl<\/a><\/p>\n","protected":false},"excerpt":{"rendered":"<p>Mission Chez DESQ, nous d\u00e9veloppons des produits distingu\u00e9s, abordables et largement accessibles, qui permettent aux gens de se sentir bien [&hellip;]<\/p>\n","protected":false},"author":2,"featured_media":0,"parent":0,"menu_order":0,"comment_status":"closed","ping_status":"closed","template":"","meta":{"_acf_changed":false,"_monsterinsights_skip_tracking":false,"_monsterinsights_sitenote_active":false,"_monsterinsights_sitenote_note":"","_monsterinsights_sitenote_category":0,"footnotes":""},"class_list":["post-8479","page","type-page","status-publish","hentry"],"acf":[],"aioseo_notices":[],"_links":{"self":[{"href":"https:\/\/desq.eu\/fr\/wp-json\/wp\/v2\/pages\/8479","targetHints":{"allow":["GET"]}}],"collection":[{"href":"https:\/\/desq.eu\/fr\/wp-json\/wp\/v2\/pages"}],"about":[{"href":"https:\/\/desq.eu\/fr\/wp-json\/wp\/v2\/types\/page"}],"author":[{"embeddable":true,"href":"https:\/\/desq.eu\/fr\/wp-json\/wp\/v2\/users\/2"}],"replies":[{"embeddable":true,"href":"https:\/\/desq.eu\/fr\/wp-json\/wp\/v2\/comments?post=8479"}],"version-history":[{"count":2,"href":"https:\/\/desq.eu\/fr\/wp-json\/wp\/v2\/pages\/8479\/revisions"}],"predecessor-version":[{"id":8518,"href":"https:\/\/desq.eu\/fr\/wp-json\/wp\/v2\/pages\/8479\/revisions\/8518"}],"wp:attachment":[{"href":"https:\/\/desq.eu\/fr\/wp-json\/wp\/v2\/media?parent=8479"}],"curies":[{"name":"wp","href":"https:\/\/api.w.org\/{rel}","templated":true}]}}