{"id":8499,"date":"2019-11-25T10:38:12","date_gmt":"2019-11-25T09:38:12","guid":{"rendered":"http:\/\/desq.eu\/?page_id=8499"},"modified":"2020-03-26T15:56:46","modified_gmt":"2020-03-26T14:56:46","slug":"devenez-un-revendeur","status":"publish","type":"page","link":"https:\/\/desq.eu\/fr\/devenez-un-revendeur\/","title":{"rendered":"Devenez un revendeur"},"content":{"rendered":"<p>L&rsquo;\u00e9tablissement de relations \u00e0 long terme est l&rsquo;un des piliers de notre succ\u00e8s dans notre coop\u00e9ration avec nos clients. De plus, nos produits sont innovants, sont une valeur ajout\u00e9e et adapt\u00e9s \u00e0 un environnement de bureau moderne, et le contact personnel avec nos clients (potentiels) est notre priorit\u00e9 absolue.<\/p>\n<p><strong>Vous voulez devenir un revendeur DESQ?<\/strong> Nous aimerions travailler avec vous! Laissez-nous vous informer sur nos bonnes conditions et sur l&rsquo;ensemble des produits DESQ que nous pouvons vous livrer pour faire de votre march\u00e9 un succ\u00e8s.<\/p>\n<p>Veuillez nous contacter afin d&rsquo;apprendre les possibilit\u00e9s.<\/p>\n","protected":false},"excerpt":{"rendered":"<p>L&rsquo;\u00e9tablissement de relations \u00e0 long terme est l&rsquo;un des piliers de notre succ\u00e8s dans notre coop\u00e9ration avec nos clients. De [&hellip;]<\/p>\n","protected":false},"author":2,"featured_media":0,"parent":0,"menu_order":0,"comment_status":"closed","ping_status":"closed","template":"","meta":{"_acf_changed":false,"_monsterinsights_skip_tracking":false,"_monsterinsights_sitenote_active":false,"_monsterinsights_sitenote_note":"","_monsterinsights_sitenote_category":0,"footnotes":""},"class_list":["post-8499","page","type-page","status-publish","hentry"],"acf":[],"aioseo_notices":[],"_links":{"self":[{"href":"https:\/\/desq.eu\/fr\/wp-json\/wp\/v2\/pages\/8499","targetHints":{"allow":["GET"]}}],"collection":[{"href":"https:\/\/desq.eu\/fr\/wp-json\/wp\/v2\/pages"}],"about":[{"href":"https:\/\/desq.eu\/fr\/wp-json\/wp\/v2\/types\/page"}],"author":[{"embeddable":true,"href":"https:\/\/desq.eu\/fr\/wp-json\/wp\/v2\/users\/2"}],"replies":[{"embeddable":true,"href":"https:\/\/desq.eu\/fr\/wp-json\/wp\/v2\/comments?post=8499"}],"version-history":[{"count":1,"href":"https:\/\/desq.eu\/fr\/wp-json\/wp\/v2\/pages\/8499\/revisions"}],"predecessor-version":[{"id":8500,"href":"https:\/\/desq.eu\/fr\/wp-json\/wp\/v2\/pages\/8499\/revisions\/8500"}],"wp:attachment":[{"href":"https:\/\/desq.eu\/fr\/wp-json\/wp\/v2\/media?parent=8499"}],"curies":[{"name":"wp","href":"https:\/\/api.w.org\/{rel}","templated":true}]}}